{"id":75,"date":"2025-09-13T23:31:42","date_gmt":"2025-09-13T21:31:42","guid":{"rendered":"https:\/\/metalforgeguitars.com\/?page_id=75"},"modified":"2025-09-17T13:12:42","modified_gmt":"2025-09-17T11:12:42","slug":"druga","status":"publish","type":"page","link":"https:\/\/metalforgeguitars.com\/?page_id=75","title":{"rendered":"Projekt #0"},"content":{"rendered":"\n<p>Pilota postanowi\u0142em zorbi\u0107 na czym\u015b ma\u0142ym i tanim. Pad\u0142o na ukulele zam\u00f3wione z aliexpress. Og\u00f3lny pomys\u0142 w mojej g\u0142owie ju\u017c by\u0142. Na Youtube trafi\u0142em na 2 filmy. Na jednym pokazane by\u0142o w jaki spos\u00f3b osi\u0105gn\u0105\u0107 gradient z czterech kolor\u00f3w [<a href=\"https:\/\/www.youtube.com\/watch?v=elFKLXVQNzQ\">https:\/\/www.youtube.com\/watch?v=elFKLXVQNzQ<\/a>]. Na drugim pokazano jak osi\u0105gn\u0105\u0107 efekt sp\u0119kanej farby [<a href=\"https:\/\/youtu.be\/QE8iUQ3v5To?si=fgy5hrAFJb6_ipbR\">https:\/\/youtu.be\/QE8iUQ3v5To?si=fgy5hrAFJb6_ipbR<\/a>]. W swoim projekcie postanowi\u0142em po\u0142\u0105czy\u0107 te dwie techniki i warstw\u0119 gradientu przykry\u0107 farb\u0105 p\u0119kaj\u0105c\u0105. Kolor gradientu wymy\u015bli\u0142em zielony, a sp\u0119kania w kolorze czarnym. <\/p>\n\n\n\n<p>Ca\u0142o\u015b\u0107 to praca amatorska wi\u0119c polega\u0142em tylko na farbach i lakierach w puszkach, narz\u0119dziach podejrzanych na filmach, prowizorycznym warsztacie\/lakierni na dzia\u0142ce ROD i ka\u017cdej wolnej chwili po pracy i w weekendy.<\/p>\n\n\n\n<p>Do wszystkich projekt\u00f3w kupi\u0142em kilka narzedzi, kt\u00f3re wykorzysta\u0142em przy wszystkich pracach. By\u0142y to: szlifierka k\u0105towa akumulatorowa z zestawem papier\u00f3w gradacji 150 &#8211; 5000, multiszlifierka precyzyjna akumulatorowa, uchwyt do malowania farbami w puszkach, benzyna ekstrakcyjna.<\/p>\n\n\n\n<p>Wiedzia\u0142em, \u017ce powierzchnie, kt\u00f3re b\u0119d\u0119 malowa\u0142 maj\u0105 by\u0107 g\u0142adkie i najlepiej pomalowane podk\u0142adem. Nast\u0119pnie nale\u017cy na\u0142o\u017cy\u0107 farb\u0119 i na koniec pokry\u0107 warstw\u0105 bezbarwn\u0105. <\/p>\n\n\n\n<p>Zam\u00f3wione ukulele by\u0142o bardzo s\u0142abej jako\u015bci, cz\u0119\u015bci nie by\u0142y dobrze spasowane, trzeba je by\u0142o do\u015b\u0107 mocno szlifowa\u0107. Wtedy jeszcze nie wiedzia\u0142em jak nale\u017cy przygotowa\u0107 powierzchni\u0119. <\/p>\n\n\n\n<figure class=\"wp-block-image size-large\"><img loading=\"lazy\" decoding=\"async\" width=\"1024\" height=\"548\" src=\"https:\/\/metalforgeguitars.com\/wp-content\/uploads\/2025\/09\/Screenshot-2025-09-15-142058-1024x548.jpg\" alt=\"\" class=\"wp-image-101\" srcset=\"https:\/\/metalforgeguitars.com\/wp-content\/uploads\/2025\/09\/Screenshot-2025-09-15-142058-1024x548.jpg 1024w, https:\/\/metalforgeguitars.com\/wp-content\/uploads\/2025\/09\/Screenshot-2025-09-15-142058-300x160.jpg 300w, https:\/\/metalforgeguitars.com\/wp-content\/uploads\/2025\/09\/Screenshot-2025-09-15-142058-768x411.jpg 768w, https:\/\/metalforgeguitars.com\/wp-content\/uploads\/2025\/09\/Screenshot-2025-09-15-142058-1536x821.jpg 1536w, https:\/\/metalforgeguitars.com\/wp-content\/uploads\/2025\/09\/Screenshot-2025-09-15-142058-2048x1095.jpg 2048w\" sizes=\"auto, (max-width: 1024px) 100vw, 1024px\" \/><\/figure>\n\n\n\n<p>Na zdj\u0119ciu wida\u0107 jak \u017ale gryf pasuje do pud\u0142a.<\/p>\n\n\n\n<figure class=\"wp-block-image size-large\"><img loading=\"lazy\" decoding=\"async\" width=\"1024\" height=\"741\" src=\"https:\/\/metalforgeguitars.com\/wp-content\/uploads\/2025\/09\/Screenshot-2025-09-15-142323-1024x741.jpg\" alt=\"\" class=\"wp-image-102\" srcset=\"https:\/\/metalforgeguitars.com\/wp-content\/uploads\/2025\/09\/Screenshot-2025-09-15-142323-1024x741.jpg 1024w, https:\/\/metalforgeguitars.com\/wp-content\/uploads\/2025\/09\/Screenshot-2025-09-15-142323-300x217.jpg 300w, https:\/\/metalforgeguitars.com\/wp-content\/uploads\/2025\/09\/Screenshot-2025-09-15-142323-768x555.jpg 768w, https:\/\/metalforgeguitars.com\/wp-content\/uploads\/2025\/09\/Screenshot-2025-09-15-142323.jpg 1496w\" sizes=\"auto, (max-width: 1024px) 100vw, 1024px\" \/><\/figure>\n\n\n\n<p>Na zdj\u0119ciu wida\u0107 jak \u017ale zosta\u0142a przygotowana powierzchnia gryfu mimo na\u0142o\u017conego podk\u0142adu.<\/p>\n\n\n\n<p>Nast\u0119pnym etapem by\u0142o przeszlifowanie podk\u0142adu i pomalowanie gryfu i pud\u0142a na czarno.<\/p>\n\n\n\n<figure class=\"wp-block-image size-large\"><img loading=\"lazy\" decoding=\"async\" width=\"1024\" height=\"553\" src=\"https:\/\/metalforgeguitars.com\/wp-content\/uploads\/2025\/09\/Screenshot-2025-09-15-143721-1024x553.jpg\" alt=\"\" class=\"wp-image-106\" srcset=\"https:\/\/metalforgeguitars.com\/wp-content\/uploads\/2025\/09\/Screenshot-2025-09-15-143721-1024x553.jpg 1024w, https:\/\/metalforgeguitars.com\/wp-content\/uploads\/2025\/09\/Screenshot-2025-09-15-143721-300x162.jpg 300w, https:\/\/metalforgeguitars.com\/wp-content\/uploads\/2025\/09\/Screenshot-2025-09-15-143721-768x415.jpg 768w, https:\/\/metalforgeguitars.com\/wp-content\/uploads\/2025\/09\/Screenshot-2025-09-15-143721-1536x830.jpg 1536w, https:\/\/metalforgeguitars.com\/wp-content\/uploads\/2025\/09\/Screenshot-2025-09-15-143721.jpg 1835w\" sizes=\"auto, (max-width: 1024px) 100vw, 1024px\" \/><\/figure>\n\n\n\n<p><\/p>\n\n\n\n<figure class=\"wp-block-image size-large\"><img loading=\"lazy\" decoding=\"async\" width=\"1024\" height=\"631\" src=\"https:\/\/metalforgeguitars.com\/wp-content\/uploads\/2025\/09\/Screenshot-2025-09-15-143814-1024x631.jpg\" alt=\"\" class=\"wp-image-107\" srcset=\"https:\/\/metalforgeguitars.com\/wp-content\/uploads\/2025\/09\/Screenshot-2025-09-15-143814-1024x631.jpg 1024w, https:\/\/metalforgeguitars.com\/wp-content\/uploads\/2025\/09\/Screenshot-2025-09-15-143814-300x185.jpg 300w, https:\/\/metalforgeguitars.com\/wp-content\/uploads\/2025\/09\/Screenshot-2025-09-15-143814-768x473.jpg 768w, https:\/\/metalforgeguitars.com\/wp-content\/uploads\/2025\/09\/Screenshot-2025-09-15-143814-1536x947.jpg 1536w, https:\/\/metalforgeguitars.com\/wp-content\/uploads\/2025\/09\/Screenshot-2025-09-15-143814.jpg 1689w\" sizes=\"auto, (max-width: 1024px) 100vw, 1024px\" \/><\/figure>\n\n\n\n<p><\/p>\n\n\n\n<p>Przyszed\u0142 czas na zrobienie gradientu zielonego. Zdecydowa\u0142em, \u017ce gradient na\u0142o\u017c\u0119 na obie strony pud\u0142a, a boki pozostawi\u0119 czarne. Efekt wida\u0107 na poni\u017cszych zdj\u0119ciach:<\/p>\n\n\n\n<figure class=\"wp-block-image size-large is-resized\"><img loading=\"lazy\" decoding=\"async\" width=\"722\" height=\"1024\" src=\"https:\/\/metalforgeguitars.com\/wp-content\/uploads\/2025\/09\/20250701_185620-722x1024.jpg\" alt=\"\" class=\"wp-image-108\" style=\"width:662px;height:auto\" srcset=\"https:\/\/metalforgeguitars.com\/wp-content\/uploads\/2025\/09\/20250701_185620-722x1024.jpg 722w, https:\/\/metalforgeguitars.com\/wp-content\/uploads\/2025\/09\/20250701_185620-212x300.jpg 212w, https:\/\/metalforgeguitars.com\/wp-content\/uploads\/2025\/09\/20250701_185620-768x1089.jpg 768w, https:\/\/metalforgeguitars.com\/wp-content\/uploads\/2025\/09\/20250701_185620-1083x1536.jpg 1083w, https:\/\/metalforgeguitars.com\/wp-content\/uploads\/2025\/09\/20250701_185620.jpg 1150w\" sizes=\"auto, (max-width: 722px) 100vw, 722px\" \/><\/figure>\n\n\n\n<p><\/p>\n\n\n\n<figure class=\"wp-block-image size-large\"><img loading=\"lazy\" decoding=\"async\" width=\"662\" height=\"1024\" src=\"https:\/\/metalforgeguitars.com\/wp-content\/uploads\/2025\/09\/20250701_185627-662x1024.jpg\" alt=\"\" class=\"wp-image-109\" srcset=\"https:\/\/metalforgeguitars.com\/wp-content\/uploads\/2025\/09\/20250701_185627-662x1024.jpg 662w, https:\/\/metalforgeguitars.com\/wp-content\/uploads\/2025\/09\/20250701_185627-194x300.jpg 194w, https:\/\/metalforgeguitars.com\/wp-content\/uploads\/2025\/09\/20250701_185627-768x1188.jpg 768w, https:\/\/metalforgeguitars.com\/wp-content\/uploads\/2025\/09\/20250701_185627-993x1536.jpg 993w, https:\/\/metalforgeguitars.com\/wp-content\/uploads\/2025\/09\/20250701_185627.jpg 1025w\" sizes=\"auto, (max-width: 662px) 100vw, 662px\" \/><\/figure>\n\n\n\n<p><\/p>\n\n\n\n<p>Nast\u0119pny krok to pokrycie warstw\u0105 bezbarwn\u0105.<\/p>\n\n\n\n<figure class=\"wp-block-image size-large\"><img loading=\"lazy\" decoding=\"async\" width=\"595\" height=\"1024\" src=\"https:\/\/metalforgeguitars.com\/wp-content\/uploads\/2025\/09\/20250706_162934-595x1024.jpg\" alt=\"\" class=\"wp-image-111\" srcset=\"https:\/\/metalforgeguitars.com\/wp-content\/uploads\/2025\/09\/20250706_162934-595x1024.jpg 595w, https:\/\/metalforgeguitars.com\/wp-content\/uploads\/2025\/09\/20250706_162934-174x300.jpg 174w, https:\/\/metalforgeguitars.com\/wp-content\/uploads\/2025\/09\/20250706_162934-768x1322.jpg 768w, https:\/\/metalforgeguitars.com\/wp-content\/uploads\/2025\/09\/20250706_162934.jpg 799w\" sizes=\"auto, (max-width: 595px) 100vw, 595px\" \/><\/figure>\n\n\n\n<p><\/p>\n\n\n\n<figure class=\"wp-block-image size-large\"><img loading=\"lazy\" decoding=\"async\" width=\"608\" height=\"1024\" src=\"https:\/\/metalforgeguitars.com\/wp-content\/uploads\/2025\/09\/20250706_162956-608x1024.jpg\" alt=\"\" class=\"wp-image-112\" srcset=\"https:\/\/metalforgeguitars.com\/wp-content\/uploads\/2025\/09\/20250706_162956-608x1024.jpg 608w, https:\/\/metalforgeguitars.com\/wp-content\/uploads\/2025\/09\/20250706_162956-178x300.jpg 178w, https:\/\/metalforgeguitars.com\/wp-content\/uploads\/2025\/09\/20250706_162956-768x1293.jpg 768w, https:\/\/metalforgeguitars.com\/wp-content\/uploads\/2025\/09\/20250706_162956-912x1536.jpg 912w, https:\/\/metalforgeguitars.com\/wp-content\/uploads\/2025\/09\/20250706_162956.jpg 1115w\" sizes=\"auto, (max-width: 608px) 100vw, 608px\" \/><\/figure>\n\n\n\n<p><\/p>\n\n\n\n<p>Do efektu sp\u0119ka\u0144 u\u017cy\u0142em farby Montana Crackle Effect <a href=\"https:\/\/www.montana-cans.com\/how-to-use-effect-sprays\/CRACKLE-Effect\/\">https:\/\/www.montana-cans.com\/how-to-use-effect-sprays\/CRACKLE-Effect\/<\/a> . Zgodnie z instrukcj\u0105 farb\u0119 nalezy na\u0142o\u017cy\u0107 na b\u0142yszcz\u0105c\u0105, \u015bwie\u017c\u0105 warstw\u0119 lakieru. W zwi\u0105zku z tym zam\u00f3wi\u0142em jeszcze r\u00f3wnie\u017c firmy Montata lakier <a href=\"https:\/\/www.montana-cans.com\/Montana-VARNISH-400ml\/376351\">https:\/\/www.montana-cans.com\/Montana-VARNISH-400ml\/376351<\/a> .<\/p>\n\n\n\n<p>Nanios\u0142em warstw\u0119 b\u0142yszcz\u0105c\u0105, odczeka\u0142em oko\u0142o 1 godziny i nast\u0119pnie nanios\u0142em warstw\u0119 p\u0119kaj\u0105c\u0105. Czytaj\u0105c o do\u015bwiadczeniach z Montana Crackle Effect wiedzia\u0142em, \u017ce aby uzyska\u0107 \u0142adne sp\u0119kania nale\u017cy na\u0142o\u017cy\u0107 grub\u0105 warstw\u0119 farby. Praktycznie ostateczny efekt osi\u0105gn\u0105\u0142em po 10 minutach schni\u0119cia. Sp\u0119kania stworzy\u0142y na powierzchni struktur\u0119 dosy\u0107 chropowat\u0105. Trzeba si\u0119 teraz zastanowi\u0107 jaki ostatecznie efekt chcemy osi\u0105gn\u0105c: czy zabezpieczy\u0107 2-3 warstwamy sp\u0119kania pozostawiaj\u0105c chropowat\u0105 powierzchni\u0119 czy malowa\u0107 tyle razy a\u017c powierzchnia b\u0119dzie ca\u0142kowicie g\u0142adka. Ja na\u0142o\u017cy\u0142em kilka grubych warstw teoretycznie pozwalaj\u0105c im wyschn\u0105\u0107. Teoretycznie bo warstwy nak\u0142ada\u0142em zgodnie z instrukcj\u0105, ale okaza\u0142o si\u0119 to zdecydowanie za kr\u00f3tko. Lakier nawet po kilku tygodniach nie przeszed\u0142 testu odciska palca i paznokcia. Ca\u0142y czas by\u0142 bardzo mi\u0119kki. To do\u015bwiadczenie u\u015bwiadomi\u0142o mi, \u017ce do nast\u0119pnych projekt\u00f3w nalezy u\u017cy\u0107 lakieru z utwardzaczem typu 2K.<\/p>\n\n\n\n<p>Poni\u017cej efekt ko\u0144cowy prac na ukulele:<\/p>\n\n\n\n<figure class=\"wp-block-image size-large\"><img loading=\"lazy\" decoding=\"async\" width=\"427\" height=\"1024\" src=\"https:\/\/metalforgeguitars.com\/wp-content\/uploads\/2025\/09\/20250917_104226_exported_17580988546912-427x1024.jpg\" alt=\"\" class=\"wp-image-114\" srcset=\"https:\/\/metalforgeguitars.com\/wp-content\/uploads\/2025\/09\/20250917_104226_exported_17580988546912-427x1024.jpg 427w, https:\/\/metalforgeguitars.com\/wp-content\/uploads\/2025\/09\/20250917_104226_exported_17580988546912-125x300.jpg 125w, https:\/\/metalforgeguitars.com\/wp-content\/uploads\/2025\/09\/20250917_104226_exported_17580988546912-768x1842.jpg 768w, https:\/\/metalforgeguitars.com\/wp-content\/uploads\/2025\/09\/20250917_104226_exported_17580988546912-641x1536.jpg 641w, https:\/\/metalforgeguitars.com\/wp-content\/uploads\/2025\/09\/20250917_104226_exported_17580988546912.jpg 804w\" sizes=\"auto, (max-width: 427px) 100vw, 427px\" \/><\/figure>\n\n\n\n<p><\/p>\n\n\n\n<figure class=\"wp-block-image size-large\"><img loading=\"lazy\" decoding=\"async\" width=\"411\" height=\"1024\" src=\"https:\/\/metalforgeguitars.com\/wp-content\/uploads\/2025\/09\/20250917_104245_exported_17580987497842-411x1024.jpg\" alt=\"\" class=\"wp-image-115\" srcset=\"https:\/\/metalforgeguitars.com\/wp-content\/uploads\/2025\/09\/20250917_104245_exported_17580987497842-411x1024.jpg 411w, https:\/\/metalforgeguitars.com\/wp-content\/uploads\/2025\/09\/20250917_104245_exported_17580987497842-120x300.jpg 120w, https:\/\/metalforgeguitars.com\/wp-content\/uploads\/2025\/09\/20250917_104245_exported_17580987497842-768x1915.jpg 768w, https:\/\/metalforgeguitars.com\/wp-content\/uploads\/2025\/09\/20250917_104245_exported_17580987497842-616x1536.jpg 616w, https:\/\/metalforgeguitars.com\/wp-content\/uploads\/2025\/09\/20250917_104245_exported_17580987497842.jpg 802w\" sizes=\"auto, (max-width: 411px) 100vw, 411px\" \/><\/figure>\n\n\n\n<p><\/p>\n\n\n\n<p>Kosztorys:<\/p>\n\n\n\n<figure class=\"wp-block-table\"><table class=\"has-fixed-layout\"><tbody><tr><td>Cz\u0119\u015b\u0107<\/td><td>cena<\/td><td>link<\/td><\/tr><tr><td>ukulele DIY<\/td><td>57<\/td><td><a href=\"https:\/\/www.aliexpress.com\/item\/1005006478873244.html?spm=a2g0o.order_list.order_list_main.168.261d1c24r99V3q\" target=\"_blank\" rel=\"noreferrer noopener\">https:\/\/www.aliexpress.com\/item\/1005006478873244.html?spm=a2g0o.order_list.order_list_main.168.261d1c24r99V3q<\/a><\/td><\/tr><tr><td>lakier pekajacy<\/td><td>50<\/td><td><a href=\"https:\/\/allegro.pl\/oferta\/montana-crackle-lakier-pekajacy-farba-spray-z-efektem-spekan-bialy-400ml-15408079820\" target=\"_blank\" rel=\"noreferrer noopener\">https:\/\/allegro.pl\/oferta\/montana-crackle-lakier-pekajacy-farba-spray-z-efektem-spekan-bialy-400ml-15408079820<\/a><\/td><\/tr><tr><td>lakier 4 kolory<\/td><td>100<\/td><td><a href=\"https:\/\/allegro.pl\/oferta\/tag-colors-spray-graffiti-lakier-400ml-rozowy-12107865629?context=ad93fbf13616f87e442d97118d3e469fab6f9b18915294ab0c193d87c58ee930cb65b76d6a8640e19975eb99cbd38deec24391c4a57e999e619d4d8df51363b7acfc78cb801936e093bac66459d6979d29cd5b376e028a793d9926ac79e48f9c86e609451dff1d4af7fdd396cfe1bad320240bc2b78d361f091015e19ac23f4e2c23d18193c88c464f2cad9154d11859&amp;sellerHasChanged=false&amp;fromVariant=12107872424\" target=\"_blank\" rel=\"noreferrer noopener\">https:\/\/allegro.pl\/oferta\/tag-colors-spray-graffiti-lakier-400ml-rozowy-12107865629<\/a><\/td><\/tr><tr><td>lakier czarny<\/td><td>22<\/td><td><a href=\"https:\/\/allegro.pl\/oferta\/ambrosol-ral-9005-black-hole-mat-tag-graffiti-spray-400ml-13155406838?context=ad93fbf13616f87e442d97118d3e469fab6f9b18915294ab0c193d87c58ee930cb65b76d6a8640e19975eb99cbd38deec24391c4a57e999e619d4d8df51363b7acfc78cb801936e093bac66459d6979d29cd5b376e028a793d9926ac79e48f9c86e609451dff1d4af7fdd396cfe1bad320240bc2b78d361f091015e19ac23f4e2c23d18193c88c464f2cad9154d11859&amp;fromVariant=12107865629\" target=\"_blank\" rel=\"noreferrer noopener\">https:\/\/allegro.pl\/oferta\/ambrosol-ral-9005-black-hole-mat-tag-graffiti-spray-400ml-13155406838<\/a><\/td><\/tr><tr><td>podklad<\/td><td>35<\/td><td><a href=\"https:\/\/allegro.pl\/oferta\/szybkoschnacy-akrylowy-podklad-szary-500-ml-14758512886\" target=\"_blank\" rel=\"noreferrer noopener\">https:\/\/allegro.pl\/oferta\/szybkoschnacy-akrylowy-podklad-szary-500-ml-14758512886<\/a><\/td><\/tr><tr><td>lakier bezbarwny<\/td><td>40<\/td><td><a href=\"https:\/\/allegro.pl\/oferta\/farba-montana-varnish-lakier-bezbarwny-polysk-400ml-werniks-16649354763\">https:\/\/allegro.pl\/oferta\/farba-montana-varnish-lakier-bezbarwny-polysk-400ml-werniks-16649354763<\/a><\/td><\/tr><tr><td>suma:<\/td><td>304<\/td><td><\/td><\/tr><\/tbody><\/table><\/figure>\n\n\n\n<p><\/p>\n\n\n\n<p><\/p>\n","protected":false},"excerpt":{"rendered":"<p>Pilota postanowi\u0142em zorbi\u0107 na czym\u015b ma\u0142ym i tanim. Pad\u0142o na ukulele zam\u00f3wione z aliexpress. Og\u00f3lny pomys\u0142 w mojej g\u0142owie ju\u017c by\u0142. Na Youtube trafi\u0142em na 2 filmy. Na jednym pokazane by\u0142o w jaki spos\u00f3b osi\u0105gn\u0105\u0107 gradient z czterech kolor\u00f3w [https:\/\/www.youtube.com\/watch?v=elFKLXVQNzQ]. Na drugim pokazano jak osi\u0105gn\u0105\u0107 efekt sp\u0119kanej farby [https:\/\/youtu.be\/QE8iUQ3v5To?si=fgy5hrAFJb6_ipbR]. W&#8230;<\/p>\n","protected":false},"author":1,"featured_media":0,"parent":0,"menu_order":0,"comment_status":"closed","ping_status":"closed","template":"","meta":{"footnotes":""},"class_list":["post-75","page","type-page","status-publish","hentry"],"_links":{"self":[{"href":"https:\/\/metalforgeguitars.com\/index.php?rest_route=\/wp\/v2\/pages\/75","targetHints":{"allow":["GET"]}}],"collection":[{"href":"https:\/\/metalforgeguitars.com\/index.php?rest_route=\/wp\/v2\/pages"}],"about":[{"href":"https:\/\/metalforgeguitars.com\/index.php?rest_route=\/wp\/v2\/types\/page"}],"author":[{"embeddable":true,"href":"https:\/\/metalforgeguitars.com\/index.php?rest_route=\/wp\/v2\/users\/1"}],"replies":[{"embeddable":true,"href":"https:\/\/metalforgeguitars.com\/index.php?rest_route=%2Fwp%2Fv2%2Fcomments&post=75"}],"version-history":[{"count":13,"href":"https:\/\/metalforgeguitars.com\/index.php?rest_route=\/wp\/v2\/pages\/75\/revisions"}],"predecessor-version":[{"id":118,"href":"https:\/\/metalforgeguitars.com\/index.php?rest_route=\/wp\/v2\/pages\/75\/revisions\/118"}],"wp:attachment":[{"href":"https:\/\/metalforgeguitars.com\/index.php?rest_route=%2Fwp%2Fv2%2Fmedia&parent=75"}],"curies":[{"name":"wp","href":"https:\/\/api.w.org\/{rel}","templated":true}]}}