{"id":86,"date":"2025-09-13T23:41:23","date_gmt":"2025-09-13T21:41:23","guid":{"rendered":"https:\/\/metalforgeguitars.com\/?page_id=86"},"modified":"2025-09-24T10:54:11","modified_gmt":"2025-09-24T08:54:11","slug":"projekt-2","status":"publish","type":"page","link":"https:\/\/metalforgeguitars.com\/?page_id=86","title":{"rendered":"Projekt #2"},"content":{"rendered":"\n<p>&#8222;Bia\u0142y Gibson tylko ciebie chc\u0119<br>Bia\u0142y Gibson struny te z\u0142ote (&#8230;)&#8221;<\/p>\n\n\n\n<p>Les Paul nie wychodzi\u0142 mi z g\u0142owy tak samo jak s\u0142owa piosenki Kn\u017b. Na samym pocz\u0105tku my\u015bla\u0142em o bia\u0142ej gitarze, kt\u00f3ra przechodzi w czarny kolor. Oczywi\u015bcie z efektem p\u0119kania. Ale z czasem mi przesz\u0142o. Zamiast tego zacz\u0105\u0142em si\u0119 zastanawia\u0107 czy w \u0142atwy spos\u00f3b mo\u017cna nanie\u015b\u0107 grafik\u0119 na korpus. Malowa\u0107 nie umiem, inne techniki te\u017c s\u0105 mi obce. Pomy\u015bla\u0142em zatem o czyms w rodzaju tatua\u017cu tymczasowego. Nie wiedzia\u0142em czy si\u0119 uda, ale co szkodzi spr\u00f3bowa\u0107 &#8211; to tylko 15 z\u0142. Znowu wi\u0119c zacz\u0105\u0142em przeszukiwa\u0107 og\u0142oszenia \u017ceby znale\u017a\u0107 niedrog\u0105, u\u017cywana gitare do nowego projektu.<\/p>\n\n\n\n<p>Znalaz\u0142em na olx og\u0142oszenie: &#8222;Cze\u015b\u0107, Sprzedaj\u0119 nieuko\u0144czony projekt, Epiphone model special z lat 90tych.<br>Trzeba nad ni\u0105 popracowa\u0107. Obicia i zarysowania -> s\u0105. Gryf prosty. Dorzucam: ga\u0142ki potencjometr\u00f3w + pasek + komplet strun Ernest ball 10-46. Sprzedaj\u0119 jako uszkodzon\u0105 bez mo\u017cliwo\u015bci zwrotu. Odbi\u00f3r na terenie Warszawy [centrum\/bemowo]. Mog\u0119 wys\u0142a\u0107 rozkr\u0119caj\u0105c Gryf, na ryzyko kupuj\u0105cego.&#8221; Kupi\u0142em za 300 z\u0142. Mia\u0142em baz\u0119 do kolejnego projektu.<\/p>\n\n\n\n<figure class=\"wp-block-image size-large\"><img loading=\"lazy\" decoding=\"async\" width=\"473\" height=\"1024\" src=\"https:\/\/metalforgeguitars.com\/wp-content\/uploads\/2025\/09\/Screenshot_20250720_133255_OLXpl-473x1024.jpg\" alt=\"\" class=\"wp-image-179\" srcset=\"https:\/\/metalforgeguitars.com\/wp-content\/uploads\/2025\/09\/Screenshot_20250720_133255_OLXpl-473x1024.jpg 473w, https:\/\/metalforgeguitars.com\/wp-content\/uploads\/2025\/09\/Screenshot_20250720_133255_OLXpl-138x300.jpg 138w, https:\/\/metalforgeguitars.com\/wp-content\/uploads\/2025\/09\/Screenshot_20250720_133255_OLXpl-768x1664.jpg 768w, https:\/\/metalforgeguitars.com\/wp-content\/uploads\/2025\/09\/Screenshot_20250720_133255_OLXpl-709x1536.jpg 709w, https:\/\/metalforgeguitars.com\/wp-content\/uploads\/2025\/09\/Screenshot_20250720_133255_OLXpl-945x2048.jpg 945w, https:\/\/metalforgeguitars.com\/wp-content\/uploads\/2025\/09\/Screenshot_20250720_133255_OLXpl.jpg 1080w\" sizes=\"auto, (max-width: 473px) 100vw, 473px\" \/><\/figure>\n\n\n\n<figure class=\"wp-block-image size-large\"><img loading=\"lazy\" decoding=\"async\" width=\"473\" height=\"1024\" src=\"https:\/\/metalforgeguitars.com\/wp-content\/uploads\/2025\/09\/Screenshot_20250720_133258_OLXpl-473x1024.jpg\" alt=\"\" class=\"wp-image-180\" srcset=\"https:\/\/metalforgeguitars.com\/wp-content\/uploads\/2025\/09\/Screenshot_20250720_133258_OLXpl-473x1024.jpg 473w, https:\/\/metalforgeguitars.com\/wp-content\/uploads\/2025\/09\/Screenshot_20250720_133258_OLXpl-138x300.jpg 138w, https:\/\/metalforgeguitars.com\/wp-content\/uploads\/2025\/09\/Screenshot_20250720_133258_OLXpl-768x1664.jpg 768w, https:\/\/metalforgeguitars.com\/wp-content\/uploads\/2025\/09\/Screenshot_20250720_133258_OLXpl-709x1536.jpg 709w, https:\/\/metalforgeguitars.com\/wp-content\/uploads\/2025\/09\/Screenshot_20250720_133258_OLXpl-945x2048.jpg 945w, https:\/\/metalforgeguitars.com\/wp-content\/uploads\/2025\/09\/Screenshot_20250720_133258_OLXpl.jpg 1080w\" sizes=\"auto, (max-width: 473px) 100vw, 473px\" \/><\/figure>\n\n\n\n<figure class=\"wp-block-image size-large\"><img loading=\"lazy\" decoding=\"async\" width=\"473\" height=\"1024\" src=\"https:\/\/metalforgeguitars.com\/wp-content\/uploads\/2025\/09\/Screenshot_20250720_133306_OLXpl-473x1024.jpg\" alt=\"\" class=\"wp-image-182\" srcset=\"https:\/\/metalforgeguitars.com\/wp-content\/uploads\/2025\/09\/Screenshot_20250720_133306_OLXpl-473x1024.jpg 473w, https:\/\/metalforgeguitars.com\/wp-content\/uploads\/2025\/09\/Screenshot_20250720_133306_OLXpl-138x300.jpg 138w, https:\/\/metalforgeguitars.com\/wp-content\/uploads\/2025\/09\/Screenshot_20250720_133306_OLXpl-768x1664.jpg 768w, https:\/\/metalforgeguitars.com\/wp-content\/uploads\/2025\/09\/Screenshot_20250720_133306_OLXpl-709x1536.jpg 709w, https:\/\/metalforgeguitars.com\/wp-content\/uploads\/2025\/09\/Screenshot_20250720_133306_OLXpl-945x2048.jpg 945w, https:\/\/metalforgeguitars.com\/wp-content\/uploads\/2025\/09\/Screenshot_20250720_133306_OLXpl.jpg 1080w\" sizes=\"auto, (max-width: 473px) 100vw, 473px\" \/><\/figure>\n\n\n\n<p><\/p>\n\n\n\n<p>Przed przyst\u0105pieniem do modyfikacji i malowania zdemontowa\u0142em wszystko co mo\u017cna by\u0142o.<\/p>\n\n\n\n<figure class=\"wp-block-image size-large\"><img loading=\"lazy\" decoding=\"async\" width=\"1024\" height=\"358\" src=\"https:\/\/metalforgeguitars.com\/wp-content\/uploads\/2025\/09\/20250725_213017-1024x358.jpg\" alt=\"\" class=\"wp-image-184\" srcset=\"https:\/\/metalforgeguitars.com\/wp-content\/uploads\/2025\/09\/20250725_213017-1024x358.jpg 1024w, https:\/\/metalforgeguitars.com\/wp-content\/uploads\/2025\/09\/20250725_213017-300x105.jpg 300w, https:\/\/metalforgeguitars.com\/wp-content\/uploads\/2025\/09\/20250725_213017-768x269.jpg 768w, https:\/\/metalforgeguitars.com\/wp-content\/uploads\/2025\/09\/20250725_213017-1536x538.jpg 1536w, https:\/\/metalforgeguitars.com\/wp-content\/uploads\/2025\/09\/20250725_213017.jpg 1883w\" sizes=\"auto, (max-width: 1024px) 100vw, 1024px\" \/><\/figure>\n\n\n\n<p><\/p>\n\n\n\n<p>Tym razem postanowi\u0142em sprobowa\u0107 nie zdejmowa\u0107 lakieru do samego drewna. Do\u015b\u0107 mocno zmatowi\u0142em powierzchni\u0119 korpusu. G\u0142\u00f3wka gryfu by\u0142a w z\u0142ym stanie i wymaga\u0142a wi\u0119cej pracy, uzupe\u0142niania ubytk\u00f3w lakieru (uzy\u0142em kleju epoksydowego), oraz dok\u0142adnego miescowego szlifowania.<\/p>\n\n\n\n<figure class=\"wp-block-image size-full is-resized\"><img loading=\"lazy\" decoding=\"async\" width=\"654\" height=\"476\" src=\"https:\/\/metalforgeguitars.com\/wp-content\/uploads\/2025\/09\/20250810_132601.jpg\" alt=\"\" class=\"wp-image-185\" style=\"width:840px;height:auto\" srcset=\"https:\/\/metalforgeguitars.com\/wp-content\/uploads\/2025\/09\/20250810_132601.jpg 654w, https:\/\/metalforgeguitars.com\/wp-content\/uploads\/2025\/09\/20250810_132601-300x218.jpg 300w\" sizes=\"auto, (max-width: 654px) 100vw, 654px\" \/><\/figure>\n\n\n\n<figure class=\"wp-block-image size-full is-resized\"><img loading=\"lazy\" decoding=\"async\" width=\"737\" height=\"518\" src=\"https:\/\/metalforgeguitars.com\/wp-content\/uploads\/2025\/09\/20250810_132618.jpg\" alt=\"\" class=\"wp-image-186\" style=\"width:840px;height:auto\" srcset=\"https:\/\/metalforgeguitars.com\/wp-content\/uploads\/2025\/09\/20250810_132618.jpg 737w, https:\/\/metalforgeguitars.com\/wp-content\/uploads\/2025\/09\/20250810_132618-300x211.jpg 300w\" sizes=\"auto, (max-width: 737px) 100vw, 737px\" \/><\/figure>\n\n\n\n<figure class=\"wp-block-image size-large\"><img loading=\"lazy\" decoding=\"async\" width=\"1024\" height=\"461\" src=\"https:\/\/metalforgeguitars.com\/wp-content\/uploads\/2025\/09\/20250810_140328-1024x461.jpg\" alt=\"\" class=\"wp-image-188\" srcset=\"https:\/\/metalforgeguitars.com\/wp-content\/uploads\/2025\/09\/20250810_140328-1024x461.jpg 1024w, https:\/\/metalforgeguitars.com\/wp-content\/uploads\/2025\/09\/20250810_140328-300x135.jpg 300w, https:\/\/metalforgeguitars.com\/wp-content\/uploads\/2025\/09\/20250810_140328-768x346.jpg 768w, https:\/\/metalforgeguitars.com\/wp-content\/uploads\/2025\/09\/20250810_140328.jpg 1150w\" sizes=\"auto, (max-width: 1024px) 100vw, 1024px\" \/><\/figure>\n\n\n\n<p><\/p>\n\n\n\n<p>Ca\u0142o\u015b\u0107 pomalowa\u0142em podk\u0142adem, \u017ceby wype\u0142ni\u0107 ewentualne braki i rysy.<\/p>\n\n\n\n<figure class=\"wp-block-image size-full\"><img loading=\"lazy\" decoding=\"async\" width=\"847\" height=\"532\" src=\"https:\/\/metalforgeguitars.com\/wp-content\/uploads\/2025\/09\/20250810_133221.jpg\" alt=\"\" class=\"wp-image-187\" srcset=\"https:\/\/metalforgeguitars.com\/wp-content\/uploads\/2025\/09\/20250810_133221.jpg 847w, https:\/\/metalforgeguitars.com\/wp-content\/uploads\/2025\/09\/20250810_133221-300x188.jpg 300w, https:\/\/metalforgeguitars.com\/wp-content\/uploads\/2025\/09\/20250810_133221-768x482.jpg 768w\" sizes=\"auto, (max-width: 847px) 100vw, 847px\" \/><\/figure>\n\n\n\n<p><\/p>\n\n\n\n<p>Na zdj\u0119ciu poni\u017cej wida\u0107, \u017ce niedok\u0142adnie oszlifowa\u0142em fragmenty g\u0142\u00f3wki. Drewno mocno ch\u0142on\u0119\u0142o podk\u0142ad i musia\u0142em poprawia\u0107 widoczne na zdj\u0119ciu fragmenty.<\/p>\n\n\n\n<figure class=\"wp-block-image size-large\"><img loading=\"lazy\" decoding=\"async\" width=\"1024\" height=\"439\" src=\"https:\/\/metalforgeguitars.com\/wp-content\/uploads\/2025\/09\/20250810_141453-1024x439.jpg\" alt=\"\" class=\"wp-image-189\" srcset=\"https:\/\/metalforgeguitars.com\/wp-content\/uploads\/2025\/09\/20250810_141453-1024x439.jpg 1024w, https:\/\/metalforgeguitars.com\/wp-content\/uploads\/2025\/09\/20250810_141453-300x129.jpg 300w, https:\/\/metalforgeguitars.com\/wp-content\/uploads\/2025\/09\/20250810_141453-768x329.jpg 768w, https:\/\/metalforgeguitars.com\/wp-content\/uploads\/2025\/09\/20250810_141453.jpg 1497w\" sizes=\"auto, (max-width: 1024px) 100vw, 1024px\" \/><\/figure>\n\n\n\n<p><\/p>\n\n\n\n<p>Nast\u0119pnie na warstw\u0119 podk\u0142adu nanios\u0142em 3 warstwy bia\u0142ego lakieru b\u0142yszcz\u0105cego i pozwoli\u0142em wyschn\u0105\u0107. Musz\u0119 powiedzie\u0107, \u017ce lakier bardzo \u0142adnie pokry\u0142 powierzchni\u0119.<\/p>\n\n\n\n<figure class=\"wp-block-image size-large is-resized\"><img loading=\"lazy\" decoding=\"async\" width=\"785\" height=\"1024\" src=\"https:\/\/metalforgeguitars.com\/wp-content\/uploads\/2025\/09\/20250812_185420-785x1024.jpg\" alt=\"\" class=\"wp-image-191\" style=\"width:840px;height:auto\" srcset=\"https:\/\/metalforgeguitars.com\/wp-content\/uploads\/2025\/09\/20250812_185420-785x1024.jpg 785w, https:\/\/metalforgeguitars.com\/wp-content\/uploads\/2025\/09\/20250812_185420-230x300.jpg 230w, https:\/\/metalforgeguitars.com\/wp-content\/uploads\/2025\/09\/20250812_185420-768x1002.jpg 768w, https:\/\/metalforgeguitars.com\/wp-content\/uploads\/2025\/09\/20250812_185420.jpg 1124w\" sizes=\"auto, (max-width: 785px) 100vw, 785px\" \/><\/figure>\n\n\n\n<figure class=\"wp-block-image size-large is-resized\"><img loading=\"lazy\" decoding=\"async\" width=\"768\" height=\"1024\" src=\"https:\/\/metalforgeguitars.com\/wp-content\/uploads\/2025\/09\/20250812_185427-768x1024.jpg\" alt=\"\" class=\"wp-image-192\" style=\"width:840px;height:auto\" srcset=\"https:\/\/metalforgeguitars.com\/wp-content\/uploads\/2025\/09\/20250812_185427-768x1024.jpg 768w, https:\/\/metalforgeguitars.com\/wp-content\/uploads\/2025\/09\/20250812_185427-225x300.jpg 225w, https:\/\/metalforgeguitars.com\/wp-content\/uploads\/2025\/09\/20250812_185427.jpg 1097w\" sizes=\"auto, (max-width: 768px) 100vw, 768px\" \/><\/figure>\n\n\n\n<p><\/p>\n\n\n\n<p>W mi\u0119dzyczasie zdecydowa\u0142em si\u0119 na motyw grafiki. Pomy\u015bla\u0142em o postaci Jokera. Wyszuka\u0142em w sieci odpowiednie tatua\u017ce tymczasowe. Wykona\u0142em test na\u0142o\u017cenia takiego tatua\u017cu na bia\u0142\u0105 powierzchni\u0119 p\u0142ask\u0105. Efekt by\u0142 bardzo zadowalaj\u0105cy, cho\u0107 po na\u0142o\u017ceniu trzeba pozby\u0107 si\u0119 powsta\u0142ych b\u0105bli i pozwoli\u0107 wyschn\u0105\u0107 tatua\u017cowi. By\u0142em gotowy na na\u0142o\u017cenia grafik na gitar\u0119.<\/p>\n\n\n\n<figure class=\"wp-block-image size-full\"><img loading=\"lazy\" decoding=\"async\" width=\"948\" height=\"634\" src=\"https:\/\/metalforgeguitars.com\/wp-content\/uploads\/2025\/09\/20250817_130602.jpg\" alt=\"\" class=\"wp-image-193\" srcset=\"https:\/\/metalforgeguitars.com\/wp-content\/uploads\/2025\/09\/20250817_130602.jpg 948w, https:\/\/metalforgeguitars.com\/wp-content\/uploads\/2025\/09\/20250817_130602-300x201.jpg 300w, https:\/\/metalforgeguitars.com\/wp-content\/uploads\/2025\/09\/20250817_130602-768x514.jpg 768w\" sizes=\"auto, (max-width: 948px) 100vw, 948px\" \/><\/figure>\n\n\n\n<figure class=\"wp-block-image size-full is-resized\"><img loading=\"lazy\" decoding=\"async\" width=\"419\" height=\"858\" src=\"https:\/\/metalforgeguitars.com\/wp-content\/uploads\/2025\/09\/20250831_113855.jpg\" alt=\"\" class=\"wp-image-196\" style=\"width:389px;height:auto\" srcset=\"https:\/\/metalforgeguitars.com\/wp-content\/uploads\/2025\/09\/20250831_113855.jpg 419w, https:\/\/metalforgeguitars.com\/wp-content\/uploads\/2025\/09\/20250831_113855-147x300.jpg 147w\" sizes=\"auto, (max-width: 419px) 100vw, 419px\" \/><\/figure>\n\n\n\n<p><\/p>\n\n\n\n<p>By\u0142a \u0142adna pogoda wi\u0119c robi\u0142em to na dworze. To by\u0142 zdecydowany b\u0142\u0105d. W powietrzu jest tak du\u017co py\u0142k\u00f3w, \u017ce nawet po przetarciu gitary benzyna ekstrakcyjn\u0105 pozosta\u0142y niewidoczne py\u0142ki, kt\u00f3re jak si\u0119 okaza\u0142o da\u0142y o sobie zna\u0107 po na\u0142o\u017ceniu warstwy zabezpieczaj\u0105cej (lakieru z utwardzaczem). Py\u0142ki spowodowa\u0142y odpychanie lakieru i powstanie na powierzchni malutkich krater\u00f3w. <\/p>\n\n\n\n<figure class=\"wp-block-image size-large\"><img loading=\"lazy\" decoding=\"async\" width=\"867\" height=\"1024\" src=\"https:\/\/metalforgeguitars.com\/wp-content\/uploads\/2025\/09\/20250817_132615-867x1024.jpg\" alt=\"\" class=\"wp-image-194\" srcset=\"https:\/\/metalforgeguitars.com\/wp-content\/uploads\/2025\/09\/20250817_132615-867x1024.jpg 867w, https:\/\/metalforgeguitars.com\/wp-content\/uploads\/2025\/09\/20250817_132615-254x300.jpg 254w, https:\/\/metalforgeguitars.com\/wp-content\/uploads\/2025\/09\/20250817_132615-768x907.jpg 768w, https:\/\/metalforgeguitars.com\/wp-content\/uploads\/2025\/09\/20250817_132615-1301x1536.jpg 1301w, https:\/\/metalforgeguitars.com\/wp-content\/uploads\/2025\/09\/20250817_132615.jpg 1501w\" sizes=\"auto, (max-width: 867px) 100vw, 867px\" \/><\/figure>\n\n\n\n<p><\/p>\n\n\n\n<p>Wygl\u0105da\u0142o to strasznie. Zaskoczenie zmieszane z rozczarowaniem efektem zmusi\u0142o mnie do odczekania, a\u017c ten bubel wyschnie, zeszlifowanie powierzchni i ponowne malowanie korpusu.<\/p>\n\n\n\n<figure class=\"wp-block-image size-large\"><img loading=\"lazy\" decoding=\"async\" width=\"1024\" height=\"634\" src=\"https:\/\/metalforgeguitars.com\/wp-content\/uploads\/2025\/09\/20250823_113115-1024x634.jpg\" alt=\"\" class=\"wp-image-195\" srcset=\"https:\/\/metalforgeguitars.com\/wp-content\/uploads\/2025\/09\/20250823_113115-1024x634.jpg 1024w, https:\/\/metalforgeguitars.com\/wp-content\/uploads\/2025\/09\/20250823_113115-300x186.jpg 300w, https:\/\/metalforgeguitars.com\/wp-content\/uploads\/2025\/09\/20250823_113115-768x476.jpg 768w, https:\/\/metalforgeguitars.com\/wp-content\/uploads\/2025\/09\/20250823_113115-1536x952.jpg 1536w, https:\/\/metalforgeguitars.com\/wp-content\/uploads\/2025\/09\/20250823_113115.jpg 1577w\" sizes=\"auto, (max-width: 1024px) 100vw, 1024px\" \/><\/figure>\n\n\n\n<p><\/p>\n\n\n\n<p>Ostatecznie przy drugiej pr\u00f3bie uda\u0142o si\u0119 \u0142adnie na\u0142o\u017cy\u0107 podklad, lakier i tatua\u017ce. R\u00f3wnie\u017c tym razem zadba\u0142em o bezpy\u0142owe warunki przed na\u0142o\u017ceniem lakieru z utwardzaczem. Ostatecznie efekt wygl\u0105da\u0142 nast\u0119puj\u0105co.<\/p>\n\n\n\n<figure class=\"wp-block-image size-large\"><img loading=\"lazy\" decoding=\"async\" width=\"1024\" height=\"760\" src=\"https:\/\/metalforgeguitars.com\/wp-content\/uploads\/2025\/09\/20250831_134200-1024x760.jpg\" alt=\"\" class=\"wp-image-197\" srcset=\"https:\/\/metalforgeguitars.com\/wp-content\/uploads\/2025\/09\/20250831_134200-1024x760.jpg 1024w, https:\/\/metalforgeguitars.com\/wp-content\/uploads\/2025\/09\/20250831_134200-300x223.jpg 300w, https:\/\/metalforgeguitars.com\/wp-content\/uploads\/2025\/09\/20250831_134200-768x570.jpg 768w, https:\/\/metalforgeguitars.com\/wp-content\/uploads\/2025\/09\/20250831_134200.jpg 1492w\" sizes=\"auto, (max-width: 1024px) 100vw, 1024px\" \/><\/figure>\n\n\n\n<p><\/p>\n\n\n\n<p>Gitara zosta\u0142a pomalowana zgodnie z pomys\u0142em. Pozosta\u0142o zabra\u0107 j\u0105 na monta\u017c do domu. Tym razem postanowi\u0142em, \u017ce zrobi\u0119 ekran z ta\u015bmy miedziowej we wn\u0119kach gitary. Proces jest bardzo prosty, nale\u017cy tylko zadba\u0107, aby ekran zosta\u0142 uziemiony.<\/p>\n\n\n\n<figure class=\"wp-block-image size-full\"><img loading=\"lazy\" decoding=\"async\" width=\"1000\" height=\"750\" src=\"https:\/\/metalforgeguitars.com\/wp-content\/uploads\/2025\/09\/20250907_123343.jpg\" alt=\"\" class=\"wp-image-198\" srcset=\"https:\/\/metalforgeguitars.com\/wp-content\/uploads\/2025\/09\/20250907_123343.jpg 1000w, https:\/\/metalforgeguitars.com\/wp-content\/uploads\/2025\/09\/20250907_123343-300x225.jpg 300w, https:\/\/metalforgeguitars.com\/wp-content\/uploads\/2025\/09\/20250907_123343-768x576.jpg 768w\" sizes=\"auto, (max-width: 1000px) 100vw, 1000px\" \/><\/figure>\n\n\n\n<figure class=\"wp-block-image size-full\"><img loading=\"lazy\" decoding=\"async\" width=\"1000\" height=\"750\" src=\"https:\/\/metalforgeguitars.com\/wp-content\/uploads\/2025\/09\/20250907_124659.jpg\" alt=\"\" class=\"wp-image-199\" srcset=\"https:\/\/metalforgeguitars.com\/wp-content\/uploads\/2025\/09\/20250907_124659.jpg 1000w, https:\/\/metalforgeguitars.com\/wp-content\/uploads\/2025\/09\/20250907_124659-300x225.jpg 300w, https:\/\/metalforgeguitars.com\/wp-content\/uploads\/2025\/09\/20250907_124659-768x576.jpg 768w\" sizes=\"auto, (max-width: 1000px) 100vw, 1000px\" \/><\/figure>\n\n\n\n<p><\/p>\n\n\n\n<p>Do tego projektu r\u00f3wnie\u017c dokupi\u0142em sporo nowych rzeczy. Klucze blokowane Guyker, przetworniki, ca\u0142a elektronika, ga\u0142ki potencjometr\u00f3w, siode\u0142ko, za\u015blepk\u0119 na pr\u0119t gryfu, za\u015blepk\u0119 na elektronik\u0119, p\u0142ytk\u0119 mocuj\u0105ca gryf z logo. Zmontowana gitara prezentuje si\u0119 nast\u0119puj\u0105co<\/p>\n\n\n\n<figure class=\"wp-block-image size-full is-resized\"><img loading=\"lazy\" decoding=\"async\" width=\"750\" height=\"1000\" src=\"https:\/\/metalforgeguitars.com\/wp-content\/uploads\/2025\/09\/20250909_085654.jpg\" alt=\"\" class=\"wp-image-201\" style=\"width:840px;height:auto\" srcset=\"https:\/\/metalforgeguitars.com\/wp-content\/uploads\/2025\/09\/20250909_085654.jpg 750w, https:\/\/metalforgeguitars.com\/wp-content\/uploads\/2025\/09\/20250909_085654-225x300.jpg 225w\" sizes=\"auto, (max-width: 750px) 100vw, 750px\" \/><\/figure>\n\n\n\n<figure class=\"wp-block-image size-full is-resized\"><img loading=\"lazy\" decoding=\"async\" width=\"750\" height=\"1000\" src=\"https:\/\/metalforgeguitars.com\/wp-content\/uploads\/2025\/09\/20250909_085715.jpg\" alt=\"\" class=\"wp-image-202\" style=\"width:840px;height:auto\" srcset=\"https:\/\/metalforgeguitars.com\/wp-content\/uploads\/2025\/09\/20250909_085715.jpg 750w, https:\/\/metalforgeguitars.com\/wp-content\/uploads\/2025\/09\/20250909_085715-225x300.jpg 225w\" sizes=\"auto, (max-width: 750px) 100vw, 750px\" \/><\/figure>\n\n\n\n<figure class=\"wp-block-image size-full is-resized\"><img loading=\"lazy\" decoding=\"async\" width=\"750\" height=\"1000\" src=\"https:\/\/metalforgeguitars.com\/wp-content\/uploads\/2025\/09\/20250909_085725.jpg\" alt=\"\" class=\"wp-image-203\" style=\"width:840px;height:auto\" srcset=\"https:\/\/metalforgeguitars.com\/wp-content\/uploads\/2025\/09\/20250909_085725.jpg 750w, https:\/\/metalforgeguitars.com\/wp-content\/uploads\/2025\/09\/20250909_085725-225x300.jpg 225w\" sizes=\"auto, (max-width: 750px) 100vw, 750px\" \/><\/figure>\n\n\n\n<figure class=\"wp-block-image size-full is-resized\"><img loading=\"lazy\" decoding=\"async\" width=\"750\" height=\"1000\" src=\"https:\/\/metalforgeguitars.com\/wp-content\/uploads\/2025\/09\/20250909_085752.jpg\" alt=\"\" class=\"wp-image-204\" style=\"width:840px;height:auto\" srcset=\"https:\/\/metalforgeguitars.com\/wp-content\/uploads\/2025\/09\/20250909_085752.jpg 750w, https:\/\/metalforgeguitars.com\/wp-content\/uploads\/2025\/09\/20250909_085752-225x300.jpg 225w\" sizes=\"auto, (max-width: 750px) 100vw, 750px\" \/><\/figure>\n\n\n\n<figure class=\"wp-block-image size-full is-resized\"><img loading=\"lazy\" decoding=\"async\" width=\"750\" height=\"1000\" src=\"https:\/\/metalforgeguitars.com\/wp-content\/uploads\/2025\/09\/20250909_085800.jpg\" alt=\"\" class=\"wp-image-205\" style=\"width:840px;height:auto\" srcset=\"https:\/\/metalforgeguitars.com\/wp-content\/uploads\/2025\/09\/20250909_085800.jpg 750w, https:\/\/metalforgeguitars.com\/wp-content\/uploads\/2025\/09\/20250909_085800-225x300.jpg 225w\" sizes=\"auto, (max-width: 750px) 100vw, 750px\" \/><\/figure>\n\n\n\n<figure class=\"wp-block-image size-full is-resized\"><img loading=\"lazy\" decoding=\"async\" width=\"750\" height=\"1000\" src=\"https:\/\/metalforgeguitars.com\/wp-content\/uploads\/2025\/09\/20250909_085822.jpg\" alt=\"\" class=\"wp-image-206\" style=\"width:840px;height:auto\" srcset=\"https:\/\/metalforgeguitars.com\/wp-content\/uploads\/2025\/09\/20250909_085822.jpg 750w, https:\/\/metalforgeguitars.com\/wp-content\/uploads\/2025\/09\/20250909_085822-225x300.jpg 225w\" sizes=\"auto, (max-width: 750px) 100vw, 750px\" \/><\/figure>\n","protected":false},"excerpt":{"rendered":"<p>&#8222;Bia\u0142y Gibson tylko ciebie chc\u0119Bia\u0142y Gibson struny te z\u0142ote (&#8230;)&#8221; Les Paul nie wychodzi\u0142 mi z g\u0142owy tak samo jak s\u0142owa piosenki Kn\u017b. Na samym pocz\u0105tku my\u015bla\u0142em o bia\u0142ej gitarze, kt\u00f3ra przechodzi w czarny kolor. Oczywi\u015bcie z efektem p\u0119kania. Ale z czasem mi przesz\u0142o. Zamiast tego zacz\u0105\u0142em si\u0119 zastanawia\u0107 czy&#8230;<\/p>\n","protected":false},"author":1,"featured_media":0,"parent":0,"menu_order":0,"comment_status":"closed","ping_status":"closed","template":"","meta":{"footnotes":""},"class_list":["post-86","page","type-page","status-publish","hentry"],"_links":{"self":[{"href":"https:\/\/metalforgeguitars.com\/index.php?rest_route=\/wp\/v2\/pages\/86","targetHints":{"allow":["GET"]}}],"collection":[{"href":"https:\/\/metalforgeguitars.com\/index.php?rest_route=\/wp\/v2\/pages"}],"about":[{"href":"https:\/\/metalforgeguitars.com\/index.php?rest_route=\/wp\/v2\/types\/page"}],"author":[{"embeddable":true,"href":"https:\/\/metalforgeguitars.com\/index.php?rest_route=\/wp\/v2\/users\/1"}],"replies":[{"embeddable":true,"href":"https:\/\/metalforgeguitars.com\/index.php?rest_route=%2Fwp%2Fv2%2Fcomments&post=86"}],"version-history":[{"count":9,"href":"https:\/\/metalforgeguitars.com\/index.php?rest_route=\/wp\/v2\/pages\/86\/revisions"}],"predecessor-version":[{"id":211,"href":"https:\/\/metalforgeguitars.com\/index.php?rest_route=\/wp\/v2\/pages\/86\/revisions\/211"}],"wp:attachment":[{"href":"https:\/\/metalforgeguitars.com\/index.php?rest_route=%2Fwp%2Fv2%2Fmedia&parent=86"}],"curies":[{"name":"wp","href":"https:\/\/api.w.org\/{rel}","templated":true}]}}